{"id":2045,"date":"2021-04-27T16:26:06","date_gmt":"2021-04-27T14:26:06","guid":{"rendered":"https:\/\/bonnevalwaters.wearemerci-digital.com\/mentions-legales\/"},"modified":"2022-06-09T14:04:58","modified_gmt":"2022-06-09T12:04:58","slug":"mentions-legales","status":"publish","type":"page","link":"https:\/\/bonnevalwaters.wearemerci-digital.com\/en\/mentions-legales\/","title":{"rendered":"Mentions Legales"},"content":{"rendered":"<h3>WHAT IS THE PURPOSE OF THIS PAGE ?<\/h3>\n<p>The purpose of this page is to present you the information that any person whose activity is to publish a website is required to transmit to you in application of the regulations. For example, in France, the article 6, III &#8211; 1 of the law n\u00b02004-575 of June 21, 2004 for the Confidence in the digital economy imposes that we put at your disposal a certain number of data allowing you to identify us (<a href=\"https:\/\/www.legifrance.gouv.fr\/loda\/article_lc\/LEGIARTI000042038977\" target=\"_blank\" rel=\"noopener noreferrer\">Link<\/a>).<\/p>\n<p>You will thus find below the complete coordinates of the editor of the website <a href=\"https:\/\/www.bonnevalwaters.wearemerci-digital.com\/\">www.bonnevalwaters.wearemerci-digital.com<\/a>, i.e. the person who took the initiative to put it on line and who determined the contents under his own responsibility (us). You will also be able to consult the contact details of the website host, i.e. the person who ensures the storage of the website data so that you can consult it online.<\/p>\n<p>&nbsp;<\/p>\n<h3>CONTACT DETAILS OF THE WEBSITE PUBLISHER :<\/h3>\n<p>The website you are visiting is published by the French company BONNEVAL EMERGENCE, whose precise identity is shown below:<\/p>\n<table>\n<tbody>\n<tr>\n<td width=\"236\">\n<h4>CORPORATE NAME<\/h4>\n<\/td>\n<td width=\"246\">\n<h4><strong>BONNEVAL EMERGENCE<\/strong><\/h4>\n<\/td>\n<\/tr>\n<tr>\n<td width=\"236\">Corporate form<\/td>\n<td width=\"246\">Soci\u00e9t\u00e9 par Actions Simplifi\u00e9e (SAS)<\/td>\n<\/tr>\n<tr>\n<td width=\"236\">Share capital<\/td>\n<td width=\"246\">6.396.044 euros<\/td>\n<\/tr>\n<tr>\n<td width=\"236\">Head office<\/td>\n<td width=\"246\">780, route de malgovert<\/p>\n<p>73700 Seez<\/p>\n<p><span style=\"font-family: inherit; font-size: inherit;\">FRANCE<\/span><\/td>\n<\/tr>\n<tr>\n<td width=\"236\">SIRENE number<\/td>\n<td width=\"246\">507\u00a0496 909 RCS Lyon<\/td>\n<\/tr>\n<tr>\n<td width=\"236\">Code APE<\/td>\n<td width=\"246\">1107A<\/td>\n<\/tr>\n<tr>\n<td width=\"236\">Individual tax identification number<\/td>\n<td width=\"246\">FR 79507496909<\/td>\n<\/tr>\n<tr>\n<td width=\"236\">Tel.<\/td>\n<td width=\"246\">+ 33 (0)4 28 60 10 90<\/td>\n<\/tr>\n<tr>\n<td width=\"236\">Email<\/td>\n<td width=\"246\"><a href=\"mailto:contact@bonnevalwaters.wearemerci-digital.com\">contact@bonnevalwaters.wearemerci-digital.com<\/a><\/td>\n<\/tr>\n<tr>\n<td width=\"236\">Director of the publication<\/td>\n<td width=\"246\">Virginie LARRIERE<\/td>\n<\/tr>\n<tr>\n<td width=\"236\">Date of publication<\/td>\n<td width=\"246\">13 janvier 2021<\/td>\n<\/tr>\n<\/tbody>\n<\/table>\n<h3><\/h3>\n<p>&nbsp;<\/p>\n<h3>COORDINATES OF THE HOST OF THE SITE :<\/h3>\n<p>The website you are visiting is hosted by OVH.<\/p>\n<table>\n<tbody>\n<tr>\n<td width=\"198\">\n<h4>CORPORATE NAME<\/h4>\n<\/td>\n<td width=\"227\">\n<h4><strong>OVH<\/strong><\/h4>\n<\/td>\n<\/tr>\n<tr>\n<td width=\"198\">SIRENE number<\/td>\n<td width=\"227\">424761419<\/td>\n<\/tr>\n<tr>\n<td width=\"198\">Head office<\/td>\n<td width=\"227\">OVH, 2 rue kellerman<\/p>\n<p>59100 Roubaix<\/p>\n<p>FRANCE<\/td>\n<\/tr>\n<tr>\n<td width=\"198\">Tel.<\/td>\n<td width=\"227\">+33 (0)9 72 10 10 07<\/td>\n<\/tr>\n<tr>\n<td width=\"198\">Email<\/td>\n<td width=\"227\"><a href=\"mailto:cil@ovh.net\">cil@ovh.net<\/a><\/td>\n<\/tr>\n<tr>\n<td width=\"198\">Website<\/td>\n<td width=\"227\"><a href=\"https:\/\/www.ovhcloud.com\/fr\/\">https:\/\/www.ovhcloud.com\/fr\/<\/a><\/td>\n<\/tr>\n<\/tbody>\n<\/table>\n<h3><\/h3>\n<h3>IDENTITY OF THE WEBSITE DESIGNER AND THE AUTHORS OF THE PUBLISHED CONTENTS :<\/h3>\n<p>Under Article 6 of Law No. 2004-575 of June 21, 2004 for confidence in the digital economy, it is specified in this article the identity of the various participants in its implementation and monitoring.<\/p>\n<p>The site is the property of :<\/p>\n<ul>\n<li>BONNEVAL EMERGENCE SAS<\/li>\n<\/ul>\n<p>The Director of publication is :<\/p>\n<ul>\n<li>Virginie LARRIERE<\/li>\n<\/ul>\n<p>The site is edited by :<\/p>\n<ul>\n<li>MERCI CREATIVE SARL\n<ul>\n<li>Head office : 236 Av. du Centenaire &#8211; 73700 Bourg-Saint-Maurice, France<br \/>\nE-mail : hello@wearemerci.com<br \/>\nRCS Chamb\u00e9ry 534 825 948<\/li>\n<\/ul>\n<\/li>\n<\/ul>\n<p>&nbsp;<\/p>\n<table>\n<tbody>\n<tr>\n<td colspan=\"2\" width=\"425\">\n<h4><strong>\u00a9 CREDITS \/ COPYRIGHT<\/strong><\/h4>\n<\/td>\n<\/tr>\n<tr>\n<td width=\"208\">Texts:<\/td>\n<td width=\"217\">Bonneval Emergence 2020<\/td>\n<\/tr>\n<tr>\n<td width=\"208\">Logos\u00a0:<\/td>\n<td width=\"217\">Bonneval Emergence 2020<\/p>\n<p>(Author : Agence Team Creatif)<\/td>\n<\/tr>\n<tr>\n<td width=\"208\">Graphic charter :<\/td>\n<td width=\"217\">Bonneval Emergence 2020<\/p>\n<p>(Author : Agence BARREL NY)<\/td>\n<\/tr>\n<tr>\n<td width=\"208\">Photos :<\/td>\n<td width=\"217\">Bonneval Emergence 2020<\/p>\n<p>(Author : Benjamin Deroche)<\/td>\n<\/tr>\n<\/tbody>\n<\/table>\n","protected":false},"excerpt":{"rendered":"<p>WHAT IS THE PURPOSE OF THIS PAGE ? The purpose of this page is to present you the information that&#8230;<\/p>\n","protected":false},"author":1,"featured_media":0,"parent":0,"menu_order":0,"comment_status":"closed","ping_status":"closed","template":"","meta":{"_seopress_robots_primary_cat":"","footnotes":""},"acf":[],"_links":{"self":[{"href":"https:\/\/bonnevalwaters.wearemerci-digital.com\/en\/wp-json\/wp\/v2\/pages\/2045"}],"collection":[{"href":"https:\/\/bonnevalwaters.wearemerci-digital.com\/en\/wp-json\/wp\/v2\/pages"}],"about":[{"href":"https:\/\/bonnevalwaters.wearemerci-digital.com\/en\/wp-json\/wp\/v2\/types\/page"}],"author":[{"embeddable":true,"href":"https:\/\/bonnevalwaters.wearemerci-digital.com\/en\/wp-json\/wp\/v2\/users\/1"}],"replies":[{"embeddable":true,"href":"https:\/\/bonnevalwaters.wearemerci-digital.com\/en\/wp-json\/wp\/v2\/comments?post=2045"}],"version-history":[{"count":5,"href":"https:\/\/bonnevalwaters.wearemerci-digital.com\/en\/wp-json\/wp\/v2\/pages\/2045\/revisions"}],"predecessor-version":[{"id":2196,"href":"https:\/\/bonnevalwaters.wearemerci-digital.com\/en\/wp-json\/wp\/v2\/pages\/2045\/revisions\/2196"}],"wp:attachment":[{"href":"https:\/\/bonnevalwaters.wearemerci-digital.com\/en\/wp-json\/wp\/v2\/media?parent=2045"}],"curies":[{"name":"wp","href":"https:\/\/api.w.org\/{rel}","templated":true}]}}